{"id":10,"date":"2019-10-31T19:39:00","date_gmt":"2019-10-31T19:39:00","guid":{"rendered":"https:\/\/ogeist.com\/?page_id=10"},"modified":"2019-10-31T20:08:14","modified_gmt":"2019-10-31T20:08:14","slug":"home","status":"publish","type":"page","link":"https:\/\/ogeist.com\/","title":{"rendered":"Princeville"},"content":{"rendered":"<p>&#8220;Princeville est une principaut\u00e9 dans un quartier de Paris, vers l\u2019Arc de Triomphe. J\u2019y poss\u00e8de avec mes amis : 25 rues et 2 stations de m\u00e9tros. Dont les URL ont \u00e9t\u00e9 d\u00fbment achet\u00e9s par mes soins ; Mes amis sont barons et baronnes, comtes et comtesses, marquis et marquises, ducs et duchesses , ambassadeurs, ambassadrices&#8221;.<\/p>\n<p><br \/><em>\u00a0 \u00a0 \u00a0 \u00a0 \u00a0 \u00a0 \u00a0 \u00a0 \u00a0 \u00a0 \u00a0 \u00a0 \u00a0 \u00a0 \u00a0 \u00a0 \u00a0 \u00a0 \u00a0 \u00a0 \u00a0 \u00a0 \u00a0 \u00a0 \u00a0 \u00a0 \u00a0 \u00a0 \u00a0 \u00a0 \u00a0 \u00a0 \u00a0 \u00a0 \u00a0 \u00a0 \u00a0 \u00a0 \u00a0 \u00a0 \u00a0 \u00a0 \u00a0 \u00a0 \u00a0 \u00a0 \u00a0 \u00a0 \u00a0 \u00a0 \u00a0 \u00a0Victor le Doisy\u00a0<\/em><\/p>\n\n\n<p><\/p>\n","protected":false},"excerpt":{"rendered":"<p>&#8220;Princeville est une principaut\u00e9 dans un quartier de Paris, vers l\u2019Arc de Triomphe. J\u2019y poss\u00e8de avec mes amis : 25 rues et 2 stations de m\u00e9tros. Dont les URL ont \u00e9t\u00e9 d\u00fbment achet\u00e9s par mes soins ; Mes amis sont barons et baronnes, comtes et comtesses, marquis et marquises, ducs et duchesses , ambassadeurs, ambassadrices&#8221;. &hellip; <\/p>\n<p class=\"link-more\"><a href=\"https:\/\/ogeist.com\/\" class=\"more-link\">Continue reading<span class=\"screen-reader-text\"> &#8220;Princeville&#8221;<\/span><\/a><\/p>\n","protected":false},"author":1,"featured_media":0,"parent":0,"menu_order":0,"comment_status":"closed","ping_status":"closed","template":"","meta":{"footnotes":""},"_links":{"self":[{"href":"https:\/\/ogeist.com\/index.php\/wp-json\/wp\/v2\/pages\/10"}],"collection":[{"href":"https:\/\/ogeist.com\/index.php\/wp-json\/wp\/v2\/pages"}],"about":[{"href":"https:\/\/ogeist.com\/index.php\/wp-json\/wp\/v2\/types\/page"}],"author":[{"embeddable":true,"href":"https:\/\/ogeist.com\/index.php\/wp-json\/wp\/v2\/users\/1"}],"replies":[{"embeddable":true,"href":"https:\/\/ogeist.com\/index.php\/wp-json\/wp\/v2\/comments?post=10"}],"version-history":[{"count":5,"href":"https:\/\/ogeist.com\/index.php\/wp-json\/wp\/v2\/pages\/10\/revisions"}],"predecessor-version":[{"id":47,"href":"https:\/\/ogeist.com\/index.php\/wp-json\/wp\/v2\/pages\/10\/revisions\/47"}],"wp:attachment":[{"href":"https:\/\/ogeist.com\/index.php\/wp-json\/wp\/v2\/media?parent=10"}],"curies":[{"name":"wp","href":"https:\/\/api.w.org\/{rel}","templated":true}]}}